{"id":40,"date":"2025-06-05T17:21:06","date_gmt":"2025-06-05T17:21:06","guid":{"rendered":"https:\/\/votoeletronico.com.br\/?page_id=40"},"modified":"2025-06-05T17:25:00","modified_gmt":"2025-06-05T17:25:00","slug":"tecnologia","status":"publish","type":"page","link":"https:\/\/votoeletronico.com.br\/?page_id=40","title":{"rendered":"Tecnologia"},"content":{"rendered":"<p>A tecnologia da Voto Eletr\u00f4nico baseia-se em princ\u00edpios de criptografia avan\u00e7ada, como ElGamal com homomorfismo aditivo (mesmo algoritmo usado pelo TSE) e parti\u00e7\u00e3o de chaves com Shamir Secret Sharing. Os votos s\u00e3o cifrados no cliente, transmitidos com logs hash-chained, e apurados sem jamais serem descriptografados. Os resultados s\u00e3o p\u00fablicos, audit\u00e1veis e acompanhados de provas matem\u00e1ticas e logs escritur\u00e1rios.<\/p>\n<div class=\"cta\" style=\"background:#003366; color:white; padding:20px; margin-top:40px; text-align:center;\">\n<h2>Experimente o que h\u00e1 de mais seguro em vota\u00e7\u00f5es digitais.<\/h2>\n<p>Solicite uma demonstra\u00e7\u00e3o ou receba um diagn\u00f3stico gratuito da sua institui\u00e7\u00e3o.<\/p>\n<p><a href=\"\/contato\" class=\"button\" style=\"background:#FFCC00; padding:10px 20px; color:#003366; text-decoration:none; font-weight:bold;\">Solicitar Demonstra\u00e7\u00e3o<\/a><\/div>\n","protected":false},"excerpt":{"rendered":"<p>A tecnologia da Voto Eletr\u00f4nico baseia-se em princ\u00edpios de criptografia avan\u00e7ada, como ElGamal com homomorfismo aditivo (mesmo algoritmo usado pelo TSE) e parti\u00e7\u00e3o de chaves com Shamir Secret Sharing. Os votos s\u00e3o cifrados no cliente, transmitidos com logs hash-chained, e apurados sem jamais serem descriptografados. Os resultados s\u00e3o p\u00fablicos, audit\u00e1veis e acompanhados de provas matem\u00e1ticas [&hellip;]<\/p>\n","protected":false},"author":1,"featured_media":0,"parent":0,"menu_order":0,"comment_status":"closed","ping_status":"closed","template":"","meta":{"footnotes":""},"class_list":["post-40","page","type-page","status-publish","hentry"],"_links":{"self":[{"href":"https:\/\/votoeletronico.com.br\/index.php?rest_route=\/wp\/v2\/pages\/40","targetHints":{"allow":["GET"]}}],"collection":[{"href":"https:\/\/votoeletronico.com.br\/index.php?rest_route=\/wp\/v2\/pages"}],"about":[{"href":"https:\/\/votoeletronico.com.br\/index.php?rest_route=\/wp\/v2\/types\/page"}],"author":[{"embeddable":true,"href":"https:\/\/votoeletronico.com.br\/index.php?rest_route=\/wp\/v2\/users\/1"}],"replies":[{"embeddable":true,"href":"https:\/\/votoeletronico.com.br\/index.php?rest_route=%2Fwp%2Fv2%2Fcomments&post=40"}],"version-history":[{"count":1,"href":"https:\/\/votoeletronico.com.br\/index.php?rest_route=\/wp\/v2\/pages\/40\/revisions"}],"predecessor-version":[{"id":45,"href":"https:\/\/votoeletronico.com.br\/index.php?rest_route=\/wp\/v2\/pages\/40\/revisions\/45"}],"wp:attachment":[{"href":"https:\/\/votoeletronico.com.br\/index.php?rest_route=%2Fwp%2Fv2%2Fmedia&parent=40"}],"curies":[{"name":"wp","href":"https:\/\/api.w.org\/{rel}","templated":true}]}}