{"id":41,"date":"2025-06-05T17:21:06","date_gmt":"2025-06-05T17:21:06","guid":{"rendered":"https:\/\/votoeletronico.com.br\/?page_id=41"},"modified":"2025-06-05T17:25:00","modified_gmt":"2025-06-05T17:25:00","slug":"contato","status":"publish","type":"page","link":"https:\/\/votoeletronico.com.br\/?page_id=41","title":{"rendered":"Contato"},"content":{"rendered":"<p>Agende uma demonstra\u00e7\u00e3o ou pe\u00e7a uma proposta personalizada para sua entidade sindical, estudantil, associativa ou p\u00fablica. Atendemos em todo o Brasil com solu\u00e7\u00f5es presenciais, online ou h\u00edbridas. Use o formul\u00e1rio abaixo ou entre em contato por WhatsApp.<\/p>\n<p>[contact-form-7 id=&#8221;voto-form&#8221; title=&#8221;Contato Voto Eletr\u00f4nico&#8221;]<\/p>\n<div class=\"cta\" style=\"background:#003366; color:white; padding:20px; margin-top:40px; text-align:center;\">\n<h2>Experimente o que h\u00e1 de mais seguro em vota\u00e7\u00f5es digitais.<\/h2>\n<p>Solicite uma demonstra\u00e7\u00e3o ou receba um diagn\u00f3stico gratuito da sua institui\u00e7\u00e3o.<\/p>\n<p><a href=\"\/contato\" class=\"button\" style=\"background:#FFCC00; padding:10px 20px; color:#003366; text-decoration:none; font-weight:bold;\">Solicitar Demonstra\u00e7\u00e3o<\/a><\/div>\n","protected":false},"excerpt":{"rendered":"<p>Agende uma demonstra\u00e7\u00e3o ou pe\u00e7a uma proposta personalizada para sua entidade sindical, estudantil, associativa ou p\u00fablica. Atendemos em todo o Brasil com solu\u00e7\u00f5es presenciais, online ou h\u00edbridas. Use o formul\u00e1rio abaixo ou entre em contato por WhatsApp. [contact-form-7 id=&#8221;voto-form&#8221; title=&#8221;Contato Voto Eletr\u00f4nico&#8221;] Experimente o que h\u00e1 de mais seguro em vota\u00e7\u00f5es digitais. Solicite uma demonstra\u00e7\u00e3o [&hellip;]<\/p>\n","protected":false},"author":1,"featured_media":0,"parent":0,"menu_order":0,"comment_status":"closed","ping_status":"closed","template":"","meta":{"footnotes":""},"class_list":["post-41","page","type-page","status-publish","hentry"],"_links":{"self":[{"href":"https:\/\/votoeletronico.com.br\/index.php?rest_route=\/wp\/v2\/pages\/41","targetHints":{"allow":["GET"]}}],"collection":[{"href":"https:\/\/votoeletronico.com.br\/index.php?rest_route=\/wp\/v2\/pages"}],"about":[{"href":"https:\/\/votoeletronico.com.br\/index.php?rest_route=\/wp\/v2\/types\/page"}],"author":[{"embeddable":true,"href":"https:\/\/votoeletronico.com.br\/index.php?rest_route=\/wp\/v2\/users\/1"}],"replies":[{"embeddable":true,"href":"https:\/\/votoeletronico.com.br\/index.php?rest_route=%2Fwp%2Fv2%2Fcomments&post=41"}],"version-history":[{"count":1,"href":"https:\/\/votoeletronico.com.br\/index.php?rest_route=\/wp\/v2\/pages\/41\/revisions"}],"predecessor-version":[{"id":46,"href":"https:\/\/votoeletronico.com.br\/index.php?rest_route=\/wp\/v2\/pages\/41\/revisions\/46"}],"wp:attachment":[{"href":"https:\/\/votoeletronico.com.br\/index.php?rest_route=%2Fwp%2Fv2%2Fmedia&parent=41"}],"curies":[{"name":"wp","href":"https:\/\/api.w.org\/{rel}","templated":true}]}}